{"id":28331,"date":"2023-08-01T20:38:40","date_gmt":"2023-08-01T20:38:40","guid":{"rendered":"https:\/\/www.mpsolutions.gr\/test\/?page_id=28331"},"modified":"2026-01-06T10:58:49","modified_gmt":"2026-01-06T10:58:49","slug":"private-massage","status":"publish","type":"page","link":"https:\/\/holistay.gr\/de\/private-massage\/","title":{"rendered":"Massage"},"content":{"rendered":"<div data-elementor-type=\"wp-page\" data-elementor-id=\"28331\" class=\"elementor elementor-28331\">\n\t\t\t\t\t\t<section class=\"elementor-section elementor-top-section elementor-element elementor-element-6f87f3f elementor-section-height-min-height elementor-section-boxed elementor-section-height-default elementor-section-items-middle\" data-id=\"6f87f3f\" data-element_type=\"section\" data-settings=\"{&quot;background_background&quot;:&quot;classic&quot;}\">\n\t\t\t\t\t\t\t<div class=\"elementor-background-overlay\"><\/div>\n\t\t\t\t\t\t\t<div class=\"elementor-container elementor-column-gap-default\">\n\t\t\t\t\t<div class=\"elementor-column elementor-col-100 elementor-top-column elementor-element elementor-element-9cfec32\" data-id=\"9cfec32\" data-element_type=\"column\">\n\t\t\t<div class=\"elementor-widget-wrap elementor-element-populated\">\n\t\t\t\t\t\t<div class=\"elementor-element elementor-element-4e2f758 elementor-widget elementor-widget-heading\" data-id=\"4e2f758\" data-element_type=\"widget\" data-widget_type=\"heading.default\">\n\t\t\t\t<div class=\"elementor-widget-container\">\n\t\t\t\t\t<h1 class=\"elementor-heading-title elementor-size-default\">Private Massage at the Comfort of Your Villa in Crete<\/h1>\t\t\t\t<\/div>\n\t\t\t\t<\/div>\n\t\t\t\t\t<\/div>\n\t\t<\/div>\n\t\t\t\t\t<\/div>\n\t\t<\/section>\n\t\t\t\t<section class=\"elementor-section elementor-top-section elementor-element elementor-element-3408d381 elementor-section-boxed elementor-section-height-default elementor-section-height-default\" data-id=\"3408d381\" data-element_type=\"section\">\n\t\t\t\t\t\t<div class=\"elementor-container elementor-column-gap-default\">\n\t\t\t\t\t<div class=\"elementor-column elementor-col-100 elementor-top-column elementor-element elementor-element-2b335aac\" data-id=\"2b335aac\" data-element_type=\"column\">\n\t\t\t<div class=\"elementor-widget-wrap elementor-element-populated\">\n\t\t\t\t\t\t<div class=\"elementor-element elementor-element-9f5611e elementor-widget elementor-widget-text-editor\" data-id=\"9f5611e\" data-element_type=\"widget\" data-widget_type=\"text-editor.default\">\n\t\t\t\t<div class=\"elementor-widget-container\">\n\t\t\t\t\t\t\t\t\t<p>G\u00f6nnen Sie sich ein ma\u00dfgeschneidertes privates Massageerlebnis, das ganz auf Ihre Vorlieben zugeschnitten ist. W\u00e4hlen Sie aus einer Vielzahl von verj\u00fcngenden Massagen die Dauer aus, die am besten in Ihren Zeitplan passt.<\/p><p>Unsere ausgebildeten Massagetherapeuten kommen mit kompletter Ausr\u00fcstung in Ihre Villa und sorgen f\u00fcr eine ruhige Atmosph\u00e4re und bieten alle notwendigen Annehmlichkeiten f\u00fcr ein unvergleichliches Spa-Erlebnis. Tauchen Sie ein in die Ruhe, w\u00e4hrend wir Ihnen die wohltuende Ber\u00fchrung einer fachkundigen Massagetherapie direkt vor die Haust\u00fcr bringen.<\/p><p>F\u00fcr weitere Informationen \u00fcber Massagen, Preise und Reservierungen k\u00f6nnen Sie uns gerne kontaktieren.<\/p>\t\t\t\t\t\t\t\t<\/div>\n\t\t\t\t<\/div>\n\t\t\t\t\t<\/div>\n\t\t<\/div>\n\t\t\t\t\t<\/div>\n\t\t<\/section>\n\t\t\t\t<section class=\"elementor-section elementor-top-section elementor-element elementor-element-093a76c elementor-section-boxed elementor-section-height-default elementor-section-height-default\" data-id=\"093a76c\" data-element_type=\"section\">\n\t\t\t\t\t\t<div class=\"elementor-container elementor-column-gap-default\">\n\t\t\t\t\t<div class=\"elementor-column elementor-col-100 elementor-top-column elementor-element elementor-element-28be7e1\" data-id=\"28be7e1\" data-element_type=\"column\">\n\t\t\t<div class=\"elementor-widget-wrap elementor-element-populated\">\n\t\t\t\t\t\t<div class=\"elementor-element elementor-element-75ae779 elementor-widget elementor-widget-eael-cta-box\" data-id=\"75ae779\" data-element_type=\"widget\" data-widget_type=\"eael-cta-box.default\">\n\t\t\t\t<div class=\"elementor-widget-container\">\n\t\t\t\t\t\t\t\t\t<div class=\"eael-call-to-action cta-icon-flex bg-lite cta-preset-1\">\n\t    <div class=\"icon\">\n\t\t\t\t\t\t\t<i class=\"fas fa-bullhorn\"><\/i>\t    <\/div>\n\t    <div class=\"content\">\n            <h2 class=\"title eael-cta-heading\">Ready to Book Your Private Massage Experience?<\/h2><p>For reservations, massage types, prices and availability please contact us.<\/p><p><!-- \/wp:paragraph --><!-- wp:paragraph --><!-- \/wp:paragraph --><!-- wp:paragraph --><\/p>\t    <\/div>\n\t    <div class=\"action\">\n            <a href=\"https:\/\/holistay.gr\/de\/contact\/\" class=\"cta-button cta-preset-1\">Kontaktiere uns<\/a>\t    <\/div>\n\t<\/div>\n\t\t\t\t\t\t<\/div>\n\t\t\t\t<\/div>\n\t\t\t\t\t<\/div>\n\t\t<\/div>\n\t\t\t\t\t<\/div>\n\t\t<\/section>\n\t\t\t\t<section class=\"elementor-section elementor-top-section elementor-element elementor-element-9bb8d6c elementor-section-boxed elementor-section-height-default elementor-section-height-default\" data-id=\"9bb8d6c\" data-element_type=\"section\" data-settings=\"{&quot;background_background&quot;:&quot;classic&quot;}\">\n\t\t\t\t\t\t<div class=\"elementor-container elementor-column-gap-default\">\n\t\t\t\t\t<div class=\"elementor-column elementor-col-25 elementor-top-column elementor-element elementor-element-bdb12ac\" data-id=\"bdb12ac\" data-element_type=\"column\">\n\t\t\t<div class=\"elementor-widget-wrap elementor-element-populated\">\n\t\t\t\t\t\t<div class=\"elementor-element elementor-element-3eef649 elementor-widget__width-initial elementor-widget elementor-widget-image\" data-id=\"3eef649\" data-element_type=\"widget\" data-widget_type=\"image.default\">\n\t\t\t\t<div class=\"elementor-widget-container\">\n\t\t\t\t\t\t\t\t\t\t\t\t\t\t\t<img decoding=\"async\" width=\"300\" height=\"69\" src=\"https:\/\/holistay.gr\/wp-content\/uploads\/2024\/10\/output-onlinepngtools-300x69.png\" class=\"attachment-medium size-medium wp-image-32891\" alt=\"Holistay logo - Vacation Rental management in Crete\" srcset=\"https:\/\/holistay.gr\/wp-content\/uploads\/2024\/10\/output-onlinepngtools-300x69.png 300w, https:\/\/holistay.gr\/wp-content\/uploads\/2024\/10\/output-onlinepngtools-1024x235.png 1024w, https:\/\/holistay.gr\/wp-content\/uploads\/2024\/10\/output-onlinepngtools-768x176.png 768w, https:\/\/holistay.gr\/wp-content\/uploads\/2024\/10\/output-onlinepngtools-1536x353.png 1536w, https:\/\/holistay.gr\/wp-content\/uploads\/2024\/10\/output-onlinepngtools-2048x470.png 2048w, https:\/\/holistay.gr\/wp-content\/uploads\/2024\/10\/output-onlinepngtools-18x4.png 18w\" sizes=\"(max-width: 300px) 100vw, 300px\" \/>\t\t\t\t\t\t\t\t\t\t\t\t\t\t\t<\/div>\n\t\t\t\t<\/div>\n\t\t\t\t<div class=\"elementor-element elementor-element-0cd3235 elementor-widget elementor-widget-text-editor\" data-id=\"0cd3235\" data-element_type=\"widget\" data-widget_type=\"text-editor.default\">\n\t\t\t\t<div class=\"elementor-widget-container\">\n\t\t\t\t\t\t\t\t\t<p><strong>Vacation Rental Management<\/strong><\/p>\t\t\t\t\t\t\t\t<\/div>\n\t\t\t\t<\/div>\n\t\t\t\t<div class=\"elementor-element elementor-element-76d1df4 elementor-shape-circle e-grid-align-left e-grid-align-mobile-center elementor-grid-0 elementor-widget elementor-widget-social-icons\" data-id=\"76d1df4\" data-element_type=\"widget\" data-widget_type=\"social-icons.default\">\n\t\t\t\t<div class=\"elementor-widget-container\">\n\t\t\t\t\t\t\t<div class=\"elementor-social-icons-wrapper elementor-grid\" role=\"list\">\n\t\t\t\t\t\t\t<span class=\"elementor-grid-item\" role=\"listitem\">\n\t\t\t\t\t<a class=\"elementor-icon elementor-social-icon elementor-social-icon-facebook elementor-repeater-item-79c8bfc\" href=\"https:\/\/www.facebook.com\/p\/Holistay-61553281165115\/\" target=\"_blank\">\n\t\t\t\t\t\t<span class=\"elementor-screen-only\">Facebook<\/span>\n\t\t\t\t\t\t<i aria-hidden=\"true\" class=\"fab fa-facebook\"><\/i>\t\t\t\t\t<\/a>\n\t\t\t\t<\/span>\n\t\t\t\t\t\t\t<span class=\"elementor-grid-item\" role=\"listitem\">\n\t\t\t\t\t<a class=\"elementor-icon elementor-social-icon elementor-social-icon-instagram elementor-repeater-item-41a48d2\" href=\"https:\/\/www.instagram.com\/holistay.gr\/\" target=\"_blank\">\n\t\t\t\t\t\t<span class=\"elementor-screen-only\">Instagram<\/span>\n\t\t\t\t\t\t<i aria-hidden=\"true\" class=\"fab fa-instagram\"><\/i>\t\t\t\t\t<\/a>\n\t\t\t\t<\/span>\n\t\t\t\t\t<\/div>\n\t\t\t\t\t\t<\/div>\n\t\t\t\t<\/div>\n\t\t\t\t\t<\/div>\n\t\t<\/div>\n\t\t\t\t<div class=\"elementor-column elementor-col-25 elementor-top-column elementor-element elementor-element-5c73d89\" data-id=\"5c73d89\" data-element_type=\"column\">\n\t\t\t<div class=\"elementor-widget-wrap elementor-element-populated\">\n\t\t\t\t\t\t<div class=\"elementor-element elementor-element-fa1239d elementor-widget elementor-widget-heading\" data-id=\"fa1239d\" data-element_type=\"widget\" data-widget_type=\"heading.default\">\n\t\t\t\t<div class=\"elementor-widget-container\">\n\t\t\t\t\t<h3 class=\"elementor-heading-title elementor-size-default\">Seiten<\/h3>\t\t\t\t<\/div>\n\t\t\t\t<\/div>\n\t\t\t\t<div class=\"elementor-element elementor-element-497be9a elementor-widget elementor-widget-text-editor\" data-id=\"497be9a\" data-element_type=\"widget\" data-widget_type=\"text-editor.default\">\n\t\t\t\t<div class=\"elementor-widget-container\">\n\t\t\t\t\t\t\t\t\t<p><a href=\"https:\/\/holistay.gr\/de\/\">Startseite<\/a><\/p>\t\t\t\t\t\t\t\t<\/div>\n\t\t\t\t<\/div>\n\t\t\t\t<div class=\"elementor-element elementor-element-39aa7ab elementor-widget elementor-widget-text-editor\" data-id=\"39aa7ab\" data-element_type=\"widget\" data-widget_type=\"text-editor.default\">\n\t\t\t\t<div class=\"elementor-widget-container\">\n\t\t\t\t\t\t\t\t\t<p><a href=\"https:\/\/holistay.lodgify.com\/de\/alle-objekte\">Eigenschaften<\/a><\/p>\t\t\t\t\t\t\t\t<\/div>\n\t\t\t\t<\/div>\n\t\t\t\t<div class=\"elementor-element elementor-element-fdcc01b elementor-widget elementor-widget-text-editor\" data-id=\"fdcc01b\" data-element_type=\"widget\" data-widget_type=\"text-editor.default\">\n\t\t\t\t<div class=\"elementor-widget-container\">\n\t\t\t\t\t\t\t\t\t<p><a href=\"https:\/\/holistay.gr\/de\/blog\/\">Blog<\/a><\/p>\t\t\t\t\t\t\t\t<\/div>\n\t\t\t\t<\/div>\n\t\t\t\t\t<\/div>\n\t\t<\/div>\n\t\t\t\t<div class=\"elementor-column elementor-col-25 elementor-top-column elementor-element elementor-element-50218e5\" data-id=\"50218e5\" data-element_type=\"column\">\n\t\t\t<div class=\"elementor-widget-wrap elementor-element-populated\">\n\t\t\t\t\t\t<div class=\"elementor-element elementor-element-3e08ee5 elementor-widget elementor-widget-heading\" data-id=\"3e08ee5\" data-element_type=\"widget\" data-widget_type=\"heading.default\">\n\t\t\t\t<div class=\"elementor-widget-container\">\n\t\t\t\t\t<h3 class=\"elementor-heading-title elementor-size-default\">Useful<\/h3>\t\t\t\t<\/div>\n\t\t\t\t<\/div>\n\t\t\t\t<div class=\"elementor-element elementor-element-2e829c8 elementor-widget elementor-widget-text-editor\" data-id=\"2e829c8\" data-element_type=\"widget\" data-widget_type=\"text-editor.default\">\n\t\t\t\t<div class=\"elementor-widget-container\">\n\t\t\t\t\t\t\t\t\t<p>Allgemeine Gesch\u00e4ftsbedingungen<\/p>\t\t\t\t\t\t\t\t<\/div>\n\t\t\t\t<\/div>\n\t\t\t\t<div class=\"elementor-element elementor-element-e536662 elementor-widget elementor-widget-text-editor\" data-id=\"e536662\" data-element_type=\"widget\" data-widget_type=\"text-editor.default\">\n\t\t\t\t<div class=\"elementor-widget-container\">\n\t\t\t\t\t\t\t\t\t<p><a href=\"https:\/\/holistay.gr\/de\/privacy-policy-2\/\">Datenschutzrichtlinie<\/a><\/p>\t\t\t\t\t\t\t\t<\/div>\n\t\t\t\t<\/div>\n\t\t\t\t\t<\/div>\n\t\t<\/div>\n\t\t\t\t<div class=\"elementor-column elementor-col-25 elementor-top-column elementor-element elementor-element-38ec5a7\" data-id=\"38ec5a7\" data-element_type=\"column\">\n\t\t\t<div class=\"elementor-widget-wrap elementor-element-populated\">\n\t\t\t\t\t\t<div class=\"elementor-element elementor-element-d433fb5 elementor-widget elementor-widget-heading\" data-id=\"d433fb5\" data-element_type=\"widget\" data-widget_type=\"heading.default\">\n\t\t\t\t<div class=\"elementor-widget-container\">\n\t\t\t\t\t<h3 class=\"elementor-heading-title elementor-size-default\">Kontakt<\/h3>\t\t\t\t<\/div>\n\t\t\t\t<\/div>\n\t\t\t\t<div class=\"elementor-element elementor-element-ec33e31 elementor-widget elementor-widget-text-editor\" data-id=\"ec33e31\" data-element_type=\"widget\" data-widget_type=\"text-editor.default\">\n\t\t\t\t<div class=\"elementor-widget-container\">\n\t\t\t\t\t\t\t\t\t<p><strong>Mobil<\/strong> : (+30) 6971951578<\/p><p><strong>Telephone<\/strong> : (+30) 2831071053<\/p><p><strong>Email<\/strong> : info@holistay.gr<\/p><p><strong>Address<\/strong> : Adelianos Kampos, Rethymno, 74100<\/p>\t\t\t\t\t\t\t\t<\/div>\n\t\t\t\t<\/div>\n\t\t\t\t\t<\/div>\n\t\t<\/div>\n\t\t\t\t\t<\/div>\n\t\t<\/section>\n\t\t\t\t<\/div>","protected":false},"excerpt":{"rendered":"<p>Professional private massage at the comfort of your holiday villa in Crete &#8211; Rethymno by Holistay<\/p>","protected":false},"author":1,"featured_media":31317,"parent":0,"menu_order":0,"comment_status":"closed","ping_status":"closed","template":"","meta":{"_monsterinsights_skip_tracking":false,"_monsterinsights_sitenote_active":false,"_monsterinsights_sitenote_note":"","_monsterinsights_sitenote_category":0,"_uf_show_specific_survey":0,"_uf_disable_surveys":false,"footnotes":""},"class_list":["post-28331","page","type-page","status-publish","has-post-thumbnail","hentry"],"aioseo_notices":[],"_links":{"self":[{"href":"https:\/\/holistay.gr\/de\/wp-json\/wp\/v2\/pages\/28331","targetHints":{"allow":["GET"]}}],"collection":[{"href":"https:\/\/holistay.gr\/de\/wp-json\/wp\/v2\/pages"}],"about":[{"href":"https:\/\/holistay.gr\/de\/wp-json\/wp\/v2\/types\/page"}],"author":[{"embeddable":true,"href":"https:\/\/holistay.gr\/de\/wp-json\/wp\/v2\/users\/1"}],"replies":[{"embeddable":true,"href":"https:\/\/holistay.gr\/de\/wp-json\/wp\/v2\/comments?post=28331"}],"version-history":[{"count":65,"href":"https:\/\/holistay.gr\/de\/wp-json\/wp\/v2\/pages\/28331\/revisions"}],"predecessor-version":[{"id":35230,"href":"https:\/\/holistay.gr\/de\/wp-json\/wp\/v2\/pages\/28331\/revisions\/35230"}],"wp:featuredmedia":[{"embeddable":true,"href":"https:\/\/holistay.gr\/de\/wp-json\/wp\/v2\/media\/31317"}],"wp:attachment":[{"href":"https:\/\/holistay.gr\/de\/wp-json\/wp\/v2\/media?parent=28331"}],"curies":[{"name":"wp","href":"https:\/\/api.w.org\/{rel}","templated":true}]}}