{"id":30641,"date":"2024-01-31T21:49:46","date_gmt":"2024-01-31T21:49:46","guid":{"rendered":"https:\/\/holistay.gr\/?page_id=30641"},"modified":"2026-01-05T21:44:06","modified_gmt":"2026-01-05T21:44:06","slug":"crete-airport-transfers","status":"publish","type":"page","link":"https:\/\/holistay.gr\/de\/crete-airport-transfers\/","title":{"rendered":"Flughafen-Transfers"},"content":{"rendered":"<div data-elementor-type=\"wp-page\" data-elementor-id=\"30641\" class=\"elementor elementor-30641\">\n\t\t\t\t\t\t<section class=\"elementor-section elementor-top-section elementor-element elementor-element-a093fc6 elementor-section-height-min-height elementor-section-boxed elementor-section-height-default elementor-section-items-middle\" data-id=\"a093fc6\" data-element_type=\"section\" data-settings=\"{&quot;background_background&quot;:&quot;classic&quot;}\">\n\t\t\t\t\t\t\t<div class=\"elementor-background-overlay\"><\/div>\n\t\t\t\t\t\t\t<div class=\"elementor-container elementor-column-gap-default\">\n\t\t\t\t\t<div class=\"elementor-column elementor-col-100 elementor-top-column elementor-element elementor-element-424c26f\" data-id=\"424c26f\" data-element_type=\"column\">\n\t\t\t<div class=\"elementor-widget-wrap elementor-element-populated\">\n\t\t\t\t\t\t<div class=\"elementor-element elementor-element-0fe2aac elementor-widget elementor-widget-heading\" data-id=\"0fe2aac\" data-element_type=\"widget\" data-widget_type=\"heading.default\">\n\t\t\t\t<div class=\"elementor-widget-container\">\n\t\t\t\t\t<h1 class=\"elementor-heading-title elementor-size-default\">Private Airport Transfers in Crete<\/h1>\t\t\t\t<\/div>\n\t\t\t\t<\/div>\n\t\t\t\t\t<\/div>\n\t\t<\/div>\n\t\t\t\t\t<\/div>\n\t\t<\/section>\n\t\t\t\t<section class=\"elementor-section elementor-top-section elementor-element elementor-element-7fcf98e4 elementor-section-boxed elementor-section-height-default elementor-section-height-default\" data-id=\"7fcf98e4\" data-element_type=\"section\">\n\t\t\t\t\t\t<div class=\"elementor-container elementor-column-gap-default\">\n\t\t\t\t\t<div class=\"elementor-column elementor-col-100 elementor-top-column elementor-element elementor-element-34596700\" data-id=\"34596700\" data-element_type=\"column\">\n\t\t\t<div class=\"elementor-widget-wrap elementor-element-populated\">\n\t\t\t\t\t\t<div class=\"elementor-element elementor-element-b3aef1a elementor-widget elementor-widget-text-editor\" data-id=\"b3aef1a\" data-element_type=\"widget\" data-widget_type=\"text-editor.default\">\n\t\t\t\t<div class=\"elementor-widget-container\">\n\t\t\t\t\t\t\t\t\t<p>Bei Holistay gehen wir noch einen Schritt weiter, um sicherzustellen, dass Ihre Reise so m\u00fchelos wie m\u00f6glich verl\u00e4uft. Wir wissen, dass das Letzte, wor\u00fcber Sie sich nach einem langen Flug Gedanken machen m\u00f6chten, Ihr Transport ist. Deshalb ist unser engagiertes Team 24 Stunden am Tag, 7 Tage die Woche f\u00fcr Sie da, um Sie mit unseren privaten Flughafentransfers zu unterst\u00fctzen, wann immer Ihr Flug ankommt oder abfliegt.\u00a0<\/p>\t\t\t\t\t\t\t\t<\/div>\n\t\t\t\t<\/div>\n\t\t\t\t<div class=\"elementor-element elementor-element-0f59957 elementor-widget elementor-widget-heading\" data-id=\"0f59957\" data-element_type=\"widget\" data-widget_type=\"heading.default\">\n\t\t\t\t<div class=\"elementor-widget-container\">\n\t\t\t\t\t<h2 class=\"elementor-heading-title elementor-size-default\">Nahtlose Flughafentransfers auf Kreta<\/h2>\t\t\t\t<\/div>\n\t\t\t\t<\/div>\n\t\t\t\t<div class=\"elementor-element elementor-element-8f8be7c elementor-widget elementor-widget-text-editor\" data-id=\"8f8be7c\" data-element_type=\"widget\" data-widget_type=\"text-editor.default\">\n\t\t\t\t<div class=\"elementor-widget-container\">\n\t\t\t\t\t\t\t\t\t<p>Wenn Sie Ihren Flughafentransfer bei uns buchen, k\u00f6nnen Sie sicher sein, dass Ihr Komfort und Ihre Sicherheit f\u00fcr uns oberste Priorit\u00e4t haben. Unsere professionellen Fahrer werden \u00fcber Ihre Daten informiert und erwarten Sie im Ankunftsbereich mit einem Schild mit Ihrem Namen. Dies sorgt f\u00fcr ein reibungsloses und stressfreies Treffen zwischen Ihnen und Ihrem Fahrer, sodass Sie Ihre Reise ohne Verz\u00f6gerung beginnen k\u00f6nnen.<\/p>\t\t\t\t\t\t\t\t<\/div>\n\t\t\t\t<\/div>\n\t\t\t\t<div class=\"elementor-element elementor-element-e2c7e5b elementor-widget elementor-widget-heading\" data-id=\"e2c7e5b\" data-element_type=\"widget\" data-widget_type=\"heading.default\">\n\t\t\t\t<div class=\"elementor-widget-container\">\n\t\t\t\t\t<h2 class=\"elementor-heading-title elementor-size-default\">Heraklion Airport &amp; Chania Airport<\/h2>\t\t\t\t<\/div>\n\t\t\t\t<\/div>\n\t\t\t\t<div class=\"elementor-element elementor-element-6471599 elementor-widget elementor-widget-text-editor\" data-id=\"6471599\" data-element_type=\"widget\" data-widget_type=\"text-editor.default\">\n\t\t\t\t<div class=\"elementor-widget-container\">\n\t\t\t\t\t\t\t\t\t<p>Egal, ob Sie am Flughafen Chania oder Heraklion landen oder nach Hause zur\u00fcckkehren, wir sind bestrebt, sicherzustellen, dass Ihre An- und Abreise reibungslos und problemlos verl\u00e4uft. Bei Holistay k\u00f6nnen Sie darauf vertrauen, dass Ihre Reisepl\u00e4ne in guten H\u00e4nden sind.<\/p>\t\t\t\t\t\t\t\t<\/div>\n\t\t\t\t<\/div>\n\t\t\t\t\t<\/div>\n\t\t<\/div>\n\t\t\t\t\t<\/div>\n\t\t<\/section>\n\t\t\t\t<section class=\"elementor-section elementor-top-section elementor-element elementor-element-8bcaf54 elementor-section-boxed elementor-section-height-default elementor-section-height-default\" data-id=\"8bcaf54\" data-element_type=\"section\">\n\t\t\t\t\t\t<div class=\"elementor-container elementor-column-gap-default\">\n\t\t\t\t\t<div class=\"elementor-column elementor-col-100 elementor-top-column elementor-element elementor-element-487bd1b\" data-id=\"487bd1b\" data-element_type=\"column\">\n\t\t\t<div class=\"elementor-widget-wrap elementor-element-populated\">\n\t\t\t\t\t\t<div class=\"elementor-element elementor-element-94210e7 elementor-widget elementor-widget-eael-cta-box\" data-id=\"94210e7\" data-element_type=\"widget\" data-widget_type=\"eael-cta-box.default\">\n\t\t\t\t<div class=\"elementor-widget-container\">\n\t\t\t\t\t\t\t\t\t<div class=\"eael-call-to-action cta-icon-flex bg-lite cta-preset-1\">\n\t    <div class=\"icon\">\n\t\t\t\t\t\t\t<i class=\"fas fa-bullhorn\"><\/i>\t    <\/div>\n\t    <div class=\"content\">\n            <h2 class=\"title eael-cta-heading\">Ready to Book Your Airport Transfer in Crete ?<\/h2><p>Don\u2019t leave your transportation to chance. Secure your 24\/7 airport transfers in Crete now by contacting our team.<\/p><p><!-- \/wp:paragraph --><!-- wp:paragraph --><!-- \/wp:paragraph --><!-- wp:paragraph --><\/p>\t    <\/div>\n\t    <div class=\"action\">\n            <a href=\"https:\/\/holistay.gr\/de\/contact\/\" class=\"cta-button cta-preset-1\">Kontaktiere uns<\/a>\t    <\/div>\n\t<\/div>\n\t\t\t\t\t\t<\/div>\n\t\t\t\t<\/div>\n\t\t\t\t\t<\/div>\n\t\t<\/div>\n\t\t\t\t\t<\/div>\n\t\t<\/section>\n\t\t\t\t<section class=\"elementor-section elementor-top-section elementor-element elementor-element-57a4510 elementor-section-boxed elementor-section-height-default elementor-section-height-default\" data-id=\"57a4510\" data-element_type=\"section\" data-settings=\"{&quot;background_background&quot;:&quot;classic&quot;}\">\n\t\t\t\t\t\t<div class=\"elementor-container elementor-column-gap-default\">\n\t\t\t\t\t<div class=\"elementor-column elementor-col-25 elementor-top-column elementor-element elementor-element-822b705\" data-id=\"822b705\" data-element_type=\"column\">\n\t\t\t<div class=\"elementor-widget-wrap elementor-element-populated\">\n\t\t\t\t\t\t<div class=\"elementor-element elementor-element-0a460d9 elementor-widget__width-initial elementor-widget elementor-widget-image\" data-id=\"0a460d9\" data-element_type=\"widget\" data-widget_type=\"image.default\">\n\t\t\t\t<div class=\"elementor-widget-container\">\n\t\t\t\t\t\t\t\t\t\t\t\t\t\t\t<img decoding=\"async\" width=\"300\" height=\"69\" src=\"https:\/\/holistay.gr\/wp-content\/uploads\/2024\/10\/output-onlinepngtools-300x69.png\" class=\"attachment-medium size-medium wp-image-32891\" alt=\"Holistay logo - Vacation Rental management in Crete\" srcset=\"https:\/\/holistay.gr\/wp-content\/uploads\/2024\/10\/output-onlinepngtools-300x69.png 300w, https:\/\/holistay.gr\/wp-content\/uploads\/2024\/10\/output-onlinepngtools-1024x235.png 1024w, https:\/\/holistay.gr\/wp-content\/uploads\/2024\/10\/output-onlinepngtools-768x176.png 768w, https:\/\/holistay.gr\/wp-content\/uploads\/2024\/10\/output-onlinepngtools-1536x353.png 1536w, https:\/\/holistay.gr\/wp-content\/uploads\/2024\/10\/output-onlinepngtools-2048x470.png 2048w, https:\/\/holistay.gr\/wp-content\/uploads\/2024\/10\/output-onlinepngtools-18x4.png 18w\" sizes=\"(max-width: 300px) 100vw, 300px\" \/>\t\t\t\t\t\t\t\t\t\t\t\t\t\t\t<\/div>\n\t\t\t\t<\/div>\n\t\t\t\t<div class=\"elementor-element elementor-element-52ed761 elementor-widget elementor-widget-text-editor\" data-id=\"52ed761\" data-element_type=\"widget\" data-widget_type=\"text-editor.default\">\n\t\t\t\t<div class=\"elementor-widget-container\">\n\t\t\t\t\t\t\t\t\t<p><strong>Vacation Rental Management<\/strong><\/p>\t\t\t\t\t\t\t\t<\/div>\n\t\t\t\t<\/div>\n\t\t\t\t<div class=\"elementor-element elementor-element-20e63e8 elementor-shape-circle e-grid-align-left e-grid-align-mobile-center elementor-grid-0 elementor-widget elementor-widget-social-icons\" data-id=\"20e63e8\" data-element_type=\"widget\" data-widget_type=\"social-icons.default\">\n\t\t\t\t<div class=\"elementor-widget-container\">\n\t\t\t\t\t\t\t<div class=\"elementor-social-icons-wrapper elementor-grid\" role=\"list\">\n\t\t\t\t\t\t\t<span class=\"elementor-grid-item\" role=\"listitem\">\n\t\t\t\t\t<a class=\"elementor-icon elementor-social-icon elementor-social-icon-facebook elementor-repeater-item-79c8bfc\" href=\"https:\/\/www.facebook.com\/p\/Holistay-61553281165115\/\" target=\"_blank\">\n\t\t\t\t\t\t<span class=\"elementor-screen-only\">Facebook<\/span>\n\t\t\t\t\t\t<i aria-hidden=\"true\" class=\"fab fa-facebook\"><\/i>\t\t\t\t\t<\/a>\n\t\t\t\t<\/span>\n\t\t\t\t\t\t\t<span class=\"elementor-grid-item\" role=\"listitem\">\n\t\t\t\t\t<a class=\"elementor-icon elementor-social-icon elementor-social-icon-instagram elementor-repeater-item-41a48d2\" href=\"https:\/\/www.instagram.com\/holistay.gr\/\" target=\"_blank\">\n\t\t\t\t\t\t<span class=\"elementor-screen-only\">Instagram<\/span>\n\t\t\t\t\t\t<i aria-hidden=\"true\" class=\"fab fa-instagram\"><\/i>\t\t\t\t\t<\/a>\n\t\t\t\t<\/span>\n\t\t\t\t\t<\/div>\n\t\t\t\t\t\t<\/div>\n\t\t\t\t<\/div>\n\t\t\t\t\t<\/div>\n\t\t<\/div>\n\t\t\t\t<div class=\"elementor-column elementor-col-25 elementor-top-column elementor-element elementor-element-36c6c85\" data-id=\"36c6c85\" data-element_type=\"column\">\n\t\t\t<div class=\"elementor-widget-wrap elementor-element-populated\">\n\t\t\t\t\t\t<div class=\"elementor-element elementor-element-4fffb0e elementor-widget elementor-widget-heading\" data-id=\"4fffb0e\" data-element_type=\"widget\" data-widget_type=\"heading.default\">\n\t\t\t\t<div class=\"elementor-widget-container\">\n\t\t\t\t\t<h3 class=\"elementor-heading-title elementor-size-default\">Seiten<\/h3>\t\t\t\t<\/div>\n\t\t\t\t<\/div>\n\t\t\t\t<div class=\"elementor-element elementor-element-e852555 elementor-widget elementor-widget-text-editor\" data-id=\"e852555\" data-element_type=\"widget\" data-widget_type=\"text-editor.default\">\n\t\t\t\t<div class=\"elementor-widget-container\">\n\t\t\t\t\t\t\t\t\t<p><a href=\"https:\/\/holistay.gr\/de\/\">Startseite<\/a><\/p>\t\t\t\t\t\t\t\t<\/div>\n\t\t\t\t<\/div>\n\t\t\t\t<div class=\"elementor-element elementor-element-8786cb3 elementor-widget elementor-widget-text-editor\" data-id=\"8786cb3\" data-element_type=\"widget\" data-widget_type=\"text-editor.default\">\n\t\t\t\t<div class=\"elementor-widget-container\">\n\t\t\t\t\t\t\t\t\t<p><a href=\"https:\/\/holistay.lodgify.com\/de\/alle-objekte\">Eigenschaften<\/a><\/p>\t\t\t\t\t\t\t\t<\/div>\n\t\t\t\t<\/div>\n\t\t\t\t<div class=\"elementor-element elementor-element-55d333a elementor-widget elementor-widget-text-editor\" data-id=\"55d333a\" data-element_type=\"widget\" data-widget_type=\"text-editor.default\">\n\t\t\t\t<div class=\"elementor-widget-container\">\n\t\t\t\t\t\t\t\t\t<p><a href=\"https:\/\/holistay.gr\/de\/blog\/\">Blog<\/a><\/p>\t\t\t\t\t\t\t\t<\/div>\n\t\t\t\t<\/div>\n\t\t\t\t\t<\/div>\n\t\t<\/div>\n\t\t\t\t<div class=\"elementor-column elementor-col-25 elementor-top-column elementor-element elementor-element-ea1718c\" data-id=\"ea1718c\" data-element_type=\"column\">\n\t\t\t<div class=\"elementor-widget-wrap elementor-element-populated\">\n\t\t\t\t\t\t<div class=\"elementor-element elementor-element-ad3bf96 elementor-widget elementor-widget-heading\" data-id=\"ad3bf96\" data-element_type=\"widget\" data-widget_type=\"heading.default\">\n\t\t\t\t<div class=\"elementor-widget-container\">\n\t\t\t\t\t<h3 class=\"elementor-heading-title elementor-size-default\">Useful<\/h3>\t\t\t\t<\/div>\n\t\t\t\t<\/div>\n\t\t\t\t<div class=\"elementor-element elementor-element-9e5b1df elementor-widget elementor-widget-text-editor\" data-id=\"9e5b1df\" data-element_type=\"widget\" data-widget_type=\"text-editor.default\">\n\t\t\t\t<div class=\"elementor-widget-container\">\n\t\t\t\t\t\t\t\t\t<p>Allgemeine Gesch\u00e4ftsbedingungen<\/p>\t\t\t\t\t\t\t\t<\/div>\n\t\t\t\t<\/div>\n\t\t\t\t<div class=\"elementor-element elementor-element-d600509 elementor-widget elementor-widget-text-editor\" data-id=\"d600509\" data-element_type=\"widget\" data-widget_type=\"text-editor.default\">\n\t\t\t\t<div class=\"elementor-widget-container\">\n\t\t\t\t\t\t\t\t\t<p><a href=\"https:\/\/holistay.gr\/de\/privacy-policy-2\/\">Datenschutzrichtlinie<\/a><\/p>\t\t\t\t\t\t\t\t<\/div>\n\t\t\t\t<\/div>\n\t\t\t\t\t<\/div>\n\t\t<\/div>\n\t\t\t\t<div class=\"elementor-column elementor-col-25 elementor-top-column elementor-element elementor-element-06094f6\" data-id=\"06094f6\" data-element_type=\"column\">\n\t\t\t<div class=\"elementor-widget-wrap elementor-element-populated\">\n\t\t\t\t\t\t<div class=\"elementor-element elementor-element-5168f63 elementor-widget elementor-widget-heading\" data-id=\"5168f63\" data-element_type=\"widget\" data-widget_type=\"heading.default\">\n\t\t\t\t<div class=\"elementor-widget-container\">\n\t\t\t\t\t<h3 class=\"elementor-heading-title elementor-size-default\">Kontakt<\/h3>\t\t\t\t<\/div>\n\t\t\t\t<\/div>\n\t\t\t\t<div class=\"elementor-element elementor-element-12c16d9 elementor-widget elementor-widget-text-editor\" data-id=\"12c16d9\" data-element_type=\"widget\" data-widget_type=\"text-editor.default\">\n\t\t\t\t<div class=\"elementor-widget-container\">\n\t\t\t\t\t\t\t\t\t<p><strong>Mobil<\/strong> : (+30) 6971951578<\/p><p><strong>Telephone<\/strong> : (+30) 2831071053<\/p><p><strong>Email<\/strong> : info@holistay.gr<\/p><p><strong>Address<\/strong> : Adelianos Kampos, Rethymno, 74100<\/p>\t\t\t\t\t\t\t\t<\/div>\n\t\t\t\t<\/div>\n\t\t\t\t\t<\/div>\n\t\t<\/div>\n\t\t\t\t\t<\/div>\n\t\t<\/section>\n\t\t\t\t<\/div>","protected":false},"excerpt":{"rendered":"<p>Seamless and professional private airport transfers in Crete from Chania Airport and Heraklion Airport by Holistay<\/p>","protected":false},"author":1,"featured_media":34699,"parent":0,"menu_order":0,"comment_status":"closed","ping_status":"closed","template":"","meta":{"_monsterinsights_skip_tracking":false,"_monsterinsights_sitenote_active":false,"_monsterinsights_sitenote_note":"","_monsterinsights_sitenote_category":0,"_uf_show_specific_survey":0,"_uf_disable_surveys":false,"footnotes":""},"class_list":["post-30641","page","type-page","status-publish","has-post-thumbnail","hentry"],"aioseo_notices":[],"_links":{"self":[{"href":"https:\/\/holistay.gr\/de\/wp-json\/wp\/v2\/pages\/30641","targetHints":{"allow":["GET"]}}],"collection":[{"href":"https:\/\/holistay.gr\/de\/wp-json\/wp\/v2\/pages"}],"about":[{"href":"https:\/\/holistay.gr\/de\/wp-json\/wp\/v2\/types\/page"}],"author":[{"embeddable":true,"href":"https:\/\/holistay.gr\/de\/wp-json\/wp\/v2\/users\/1"}],"replies":[{"embeddable":true,"href":"https:\/\/holistay.gr\/de\/wp-json\/wp\/v2\/comments?post=30641"}],"version-history":[{"count":98,"href":"https:\/\/holistay.gr\/de\/wp-json\/wp\/v2\/pages\/30641\/revisions"}],"predecessor-version":[{"id":35218,"href":"https:\/\/holistay.gr\/de\/wp-json\/wp\/v2\/pages\/30641\/revisions\/35218"}],"wp:featuredmedia":[{"embeddable":true,"href":"https:\/\/holistay.gr\/de\/wp-json\/wp\/v2\/media\/34699"}],"wp:attachment":[{"href":"https:\/\/holistay.gr\/de\/wp-json\/wp\/v2\/media?parent=30641"}],"curies":[{"name":"wp","href":"https:\/\/api.w.org\/{rel}","templated":true}]}}