{"id":31271,"date":"2024-03-23T12:11:47","date_gmt":"2024-03-23T12:11:47","guid":{"rendered":"https:\/\/holistay.gr\/?page_id=31271"},"modified":"2026-01-06T11:03:36","modified_gmt":"2026-01-06T11:03:36","slug":"private-chef-crete","status":"publish","type":"page","link":"https:\/\/holistay.gr\/de\/private-chef-crete\/","title":{"rendered":"Privatkoch"},"content":{"rendered":"<div data-elementor-type=\"wp-page\" data-elementor-id=\"31271\" class=\"elementor elementor-31271\">\n\t\t\t\t\t\t<section class=\"elementor-section elementor-top-section elementor-element elementor-element-c174dda elementor-section-height-min-height elementor-section-boxed elementor-section-height-default elementor-section-items-middle\" data-id=\"c174dda\" data-element_type=\"section\" data-settings=\"{&quot;background_background&quot;:&quot;classic&quot;}\">\n\t\t\t\t\t\t\t<div class=\"elementor-background-overlay\"><\/div>\n\t\t\t\t\t\t\t<div class=\"elementor-container elementor-column-gap-default\">\n\t\t\t\t\t<div class=\"elementor-column elementor-col-100 elementor-top-column elementor-element elementor-element-f4543b4\" data-id=\"f4543b4\" data-element_type=\"column\">\n\t\t\t<div class=\"elementor-widget-wrap elementor-element-populated\">\n\t\t\t\t\t\t<div class=\"elementor-element elementor-element-066cff6 elementor-widget elementor-widget-heading\" data-id=\"066cff6\" data-element_type=\"widget\" data-widget_type=\"heading.default\">\n\t\t\t\t<div class=\"elementor-widget-container\">\n\t\t\t\t\t<h1 class=\"elementor-heading-title elementor-size-default\">Entdecken Sie das authentische kretische Di\u00e4tbuch jetzt!<\/h1>\t\t\t\t<\/div>\n\t\t\t\t<\/div>\n\t\t\t\t<div class=\"elementor-element elementor-element-93b21d4 elementor-widget elementor-widget-text-editor\" data-id=\"93b21d4\" data-element_type=\"widget\" data-widget_type=\"text-editor.default\">\n\t\t\t\t<div class=\"elementor-widget-container\">\n\t\t\t\t\t\t\t\t\t<p>PRIVATE CHEF EXPERIENCE<\/p>\t\t\t\t\t\t\t\t<\/div>\n\t\t\t\t<\/div>\n\t\t\t\t\t<\/div>\n\t\t<\/div>\n\t\t\t\t\t<\/div>\n\t\t<\/section>\n\t\t\t\t<section class=\"elementor-section elementor-top-section elementor-element elementor-element-83f9bcc elementor-section-boxed elementor-section-height-default elementor-section-height-default\" data-id=\"83f9bcc\" data-element_type=\"section\">\n\t\t\t\t\t\t<div class=\"elementor-container elementor-column-gap-default\">\n\t\t\t\t\t<div class=\"elementor-column elementor-col-100 elementor-top-column elementor-element elementor-element-495fb67\" data-id=\"495fb67\" data-element_type=\"column\">\n\t\t\t<div class=\"elementor-widget-wrap elementor-element-populated\">\n\t\t\t\t\t\t<div class=\"elementor-element elementor-element-9eff288 elementor-widget elementor-widget-text-editor\" data-id=\"9eff288\" data-element_type=\"widget\" data-widget_type=\"text-editor.default\">\n\t\t\t\t<div class=\"elementor-widget-container\">\n\t\t\t\t\t\t\t\t\t<p>Genie\u00dfen Sie die Aromen Kretas bequem von Ihrer Villa aus mit dem exklusiven privaten Kochservice von Holistay. Unser Team bringt mit Leidenschaft die authentische kretische K\u00fcche auf Ihren Tisch und bietet Ihnen eine einzigartige Gelegenheit, das reiche kulinarische Erbe der Insel zu erleben.<\/p>\t\t\t\t\t\t\t\t<\/div>\n\t\t\t\t<\/div>\n\t\t\t\t<div class=\"elementor-element elementor-element-6dca87d elementor-widget elementor-widget-heading\" data-id=\"6dca87d\" data-element_type=\"widget\" data-widget_type=\"heading.default\">\n\t\t\t\t<div class=\"elementor-widget-container\">\n\t\t\t\t\t<h2 class=\"elementor-heading-title elementor-size-default\">Die Erfahrung des Privatkochs<\/h2>\t\t\t\t<\/div>\n\t\t\t\t<\/div>\n\t\t\t\t<div class=\"elementor-element elementor-element-e8d90bf elementor-widget elementor-widget-text-editor\" data-id=\"e8d90bf\" data-element_type=\"widget\" data-widget_type=\"text-editor.default\">\n\t\t\t\t<div class=\"elementor-widget-container\">\n\t\t\t\t\t\t\t\t\t<p data-start=\"617\" data-end=\"842\">Unser Privatkoch und sein Team kommen zu dem von Ihnen gew\u00fcnschten Zeitpunkt in Ihre Unterkunft und bringen die kretische Gastfreundschaft zu Ihnen nach Hause.<\/p><p data-start=\"844\" data-end=\"1122\">Sie w\u00e4hlen aus einer Vielzahl von Men\u00fcs mit frischen, lokalen Zutaten und authentischen Geschmacksrichtungen. Die Mahlzeiten werden zu 80 % im Voraus zubereitet und vor Ort fertiggestellt, sodass Ihre Villa ruhig und sauber bleibt und nur von den Aromen des k\u00f6stlichen, frisch servierten Essens erf\u00fcllt wird.<\/p><p data-start=\"1124\" data-end=\"1300\">Ganz gleich, ob Sie einen besonderen Anlass feiern oder sich und Ihre Lieben einfach nur verw\u00f6hnen wollen, dies ist eine der unvergesslichsten M\u00f6glichkeiten, sich w\u00e4hrend Ihres Aufenthalts auf Kreta zu verw\u00f6hnen.<\/p>\t\t\t\t\t\t\t\t<\/div>\n\t\t\t\t<\/div>\n\t\t\t\t<div class=\"elementor-element elementor-element-a22709a elementor-widget elementor-widget-heading\" data-id=\"a22709a\" data-element_type=\"widget\" data-widget_type=\"heading.default\">\n\t\t\t\t<div class=\"elementor-widget-container\">\n\t\t\t\t\t<h2 class=\"elementor-heading-title elementor-size-default\">Was ist inbegriffen?<\/h2>\t\t\t\t<\/div>\n\t\t\t\t<\/div>\n\t\t\t\t<div class=\"elementor-element elementor-element-95078fb elementor-widget elementor-widget-text-editor\" data-id=\"95078fb\" data-element_type=\"widget\" data-widget_type=\"text-editor.default\">\n\t\t\t\t<div class=\"elementor-widget-container\">\n\t\t\t\t\t\t\t\t\t<p>\u2705 Auswahl an Men\u00fcoptionenWas ist im Lieferumfang enthalten?<br data-start=\"1359\" data-end=\"1362\" \/>\u2705 Privatkoch und Assistententeam<br data-start=\"1395\" data-end=\"1398\" \/>\u2705 Vorbereitung und Endzubereitung in Ihrer Villa<br data-start=\"1443\" data-end=\"1446\" \/>\u2705 Tischaufbau und Beschichtung<br data-start=\"1471\" data-end=\"1474\" \/>\u2705 Aufr\u00e4umen nach der Mahlzeit<\/p>\t\t\t\t\t\t\t\t<\/div>\n\t\t\t\t<\/div>\n\t\t\t\t<div class=\"elementor-element elementor-element-c8c461d elementor-widget elementor-widget-heading\" data-id=\"c8c461d\" data-element_type=\"widget\" data-widget_type=\"heading.default\">\n\t\t\t\t<div class=\"elementor-widget-container\">\n\t\t\t\t\t<h2 class=\"elementor-heading-title elementor-size-default\">Personalisieren Sie Ihr Erlebnis<\/h2>\t\t\t\t<\/div>\n\t\t\t\t<\/div>\n\t\t\t\t<div class=\"elementor-element elementor-element-6cafc08 elementor-widget elementor-widget-text-editor\" data-id=\"6cafc08\" data-element_type=\"widget\" data-widget_type=\"text-editor.default\">\n\t\t\t\t<div class=\"elementor-widget-container\">\n\t\t\t\t\t\t\t\t\t<p data-start=\"1544\" data-end=\"1587\">Wir sind gerne bereit, auf alle W\u00fcnsche einzugehen:<\/p><ul data-start=\"1588\" data-end=\"1698\"><li data-start=\"1588\" data-end=\"1603\"><p data-start=\"1590\" data-end=\"1603\">Kindermen\u00fcs<\/p><\/li><li data-start=\"1604\" data-end=\"1634\"><p data-start=\"1606\" data-end=\"1634\">Vegane und vegetarische Optionen<\/p><\/li><li data-start=\"1635\" data-end=\"1662\"><p data-start=\"1637\" data-end=\"1662\">Allergikerfreundliche GerichteVegane und vegetarische Optionen<\/p><\/li><li data-start=\"1663\" data-end=\"1698\"><p data-start=\"1665\" data-end=\"1698\">Besondere Feierlichkeiten oder \u00dcberraschungen<\/p><\/li><\/ul><p data-start=\"1700\" data-end=\"1794\">Unser Chefkoch steht in direktem Kontakt mit Ihnen, um sicherzustellen, dass jedes Detail perfekt ist.<\/p>\t\t\t\t\t\t\t\t<\/div>\n\t\t\t\t<\/div>\n\t\t\t\t\t<\/div>\n\t\t<\/div>\n\t\t\t\t\t<\/div>\n\t\t<\/section>\n\t\t\t\t<section class=\"elementor-section elementor-top-section elementor-element elementor-element-333793d elementor-section-boxed elementor-section-height-default elementor-section-height-default\" data-id=\"333793d\" data-element_type=\"section\">\n\t\t\t\t\t\t<div class=\"elementor-container elementor-column-gap-default\">\n\t\t\t\t\t<div class=\"elementor-column elementor-col-100 elementor-top-column elementor-element elementor-element-0a65eb1\" data-id=\"0a65eb1\" data-element_type=\"column\">\n\t\t\t<div class=\"elementor-widget-wrap elementor-element-populated\">\n\t\t\t\t\t\t<div class=\"elementor-element elementor-element-537cad5 elementor-widget elementor-widget-eael-cta-box\" data-id=\"537cad5\" data-element_type=\"widget\" data-widget_type=\"eael-cta-box.default\">\n\t\t\t\t<div class=\"elementor-widget-container\">\n\t\t\t\t\t\t\t\t\t<div class=\"eael-call-to-action cta-icon-flex bg-lite cta-preset-1\">\n\t    <div class=\"icon\">\n\t\t\t\t\t\t\t<i class=\"fas fa-bullhorn\"><\/i>\t    <\/div>\n\t    <div class=\"content\">\n            <h2 class=\"title eael-cta-heading\">Ready to Book Your Private Chef Experience ?<\/h2><p>Die Buchung Ihres privaten Kocherlebnisses ist ganz einfach. Teilen Sie uns einfach Ihr Wunschdatum, Ihre Wunschzeit und Ihre besonderen W\u00fcnsche mit, und wir k\u00fcmmern uns um den Rest.<\/p><p><!-- \/wp:paragraph --><!-- wp:paragraph --><!-- \/wp:paragraph --><!-- wp:paragraph --><\/p>\t    <\/div>\n\t    <div class=\"action\">\n            <a href=\"https:\/\/holistay.gr\/de\/contact\/\" class=\"cta-button cta-preset-1\">Kontaktiere uns<\/a>\t    <\/div>\n\t<\/div>\n\t\t\t\t\t\t<\/div>\n\t\t\t\t<\/div>\n\t\t\t\t\t<\/div>\n\t\t<\/div>\n\t\t\t\t\t<\/div>\n\t\t<\/section>\n\t\t\t\t<section class=\"elementor-section elementor-top-section elementor-element elementor-element-2e3f32d elementor-section-boxed elementor-section-height-default elementor-section-height-default\" data-id=\"2e3f32d\" data-element_type=\"section\" data-settings=\"{&quot;background_background&quot;:&quot;classic&quot;}\">\n\t\t\t\t\t\t<div class=\"elementor-container elementor-column-gap-default\">\n\t\t\t\t\t<div class=\"elementor-column elementor-col-25 elementor-top-column elementor-element elementor-element-ae38bee\" data-id=\"ae38bee\" data-element_type=\"column\">\n\t\t\t<div class=\"elementor-widget-wrap elementor-element-populated\">\n\t\t\t\t\t\t<div class=\"elementor-element elementor-element-097b79f elementor-widget__width-initial elementor-widget elementor-widget-image\" data-id=\"097b79f\" data-element_type=\"widget\" data-widget_type=\"image.default\">\n\t\t\t\t<div class=\"elementor-widget-container\">\n\t\t\t\t\t\t\t\t\t\t\t\t\t\t\t<img decoding=\"async\" width=\"300\" height=\"69\" src=\"https:\/\/holistay.gr\/wp-content\/uploads\/2024\/10\/output-onlinepngtools-300x69.png\" class=\"attachment-medium size-medium wp-image-32891\" alt=\"Holistay logo - Vacation Rental management in Crete\" srcset=\"https:\/\/holistay.gr\/wp-content\/uploads\/2024\/10\/output-onlinepngtools-300x69.png 300w, https:\/\/holistay.gr\/wp-content\/uploads\/2024\/10\/output-onlinepngtools-1024x235.png 1024w, https:\/\/holistay.gr\/wp-content\/uploads\/2024\/10\/output-onlinepngtools-768x176.png 768w, https:\/\/holistay.gr\/wp-content\/uploads\/2024\/10\/output-onlinepngtools-1536x353.png 1536w, https:\/\/holistay.gr\/wp-content\/uploads\/2024\/10\/output-onlinepngtools-2048x470.png 2048w, https:\/\/holistay.gr\/wp-content\/uploads\/2024\/10\/output-onlinepngtools-18x4.png 18w\" sizes=\"(max-width: 300px) 100vw, 300px\" \/>\t\t\t\t\t\t\t\t\t\t\t\t\t\t\t<\/div>\n\t\t\t\t<\/div>\n\t\t\t\t<div class=\"elementor-element elementor-element-0fd25b8 elementor-widget elementor-widget-text-editor\" data-id=\"0fd25b8\" data-element_type=\"widget\" data-widget_type=\"text-editor.default\">\n\t\t\t\t<div class=\"elementor-widget-container\">\n\t\t\t\t\t\t\t\t\t<p><strong>Vacation Rental Management<\/strong><\/p>\t\t\t\t\t\t\t\t<\/div>\n\t\t\t\t<\/div>\n\t\t\t\t<div class=\"elementor-element elementor-element-0ac1d3f elementor-shape-circle e-grid-align-left e-grid-align-mobile-center elementor-grid-0 elementor-widget elementor-widget-social-icons\" data-id=\"0ac1d3f\" data-element_type=\"widget\" data-widget_type=\"social-icons.default\">\n\t\t\t\t<div class=\"elementor-widget-container\">\n\t\t\t\t\t\t\t<div class=\"elementor-social-icons-wrapper elementor-grid\" role=\"list\">\n\t\t\t\t\t\t\t<span class=\"elementor-grid-item\" role=\"listitem\">\n\t\t\t\t\t<a class=\"elementor-icon elementor-social-icon elementor-social-icon-facebook elementor-repeater-item-79c8bfc\" href=\"https:\/\/www.facebook.com\/p\/Holistay-61553281165115\/\" target=\"_blank\">\n\t\t\t\t\t\t<span class=\"elementor-screen-only\">Facebook<\/span>\n\t\t\t\t\t\t<i aria-hidden=\"true\" class=\"fab fa-facebook\"><\/i>\t\t\t\t\t<\/a>\n\t\t\t\t<\/span>\n\t\t\t\t\t\t\t<span class=\"elementor-grid-item\" role=\"listitem\">\n\t\t\t\t\t<a class=\"elementor-icon elementor-social-icon elementor-social-icon-instagram elementor-repeater-item-41a48d2\" href=\"https:\/\/www.instagram.com\/holistay.gr\/\" target=\"_blank\">\n\t\t\t\t\t\t<span class=\"elementor-screen-only\">Instagram<\/span>\n\t\t\t\t\t\t<i aria-hidden=\"true\" class=\"fab fa-instagram\"><\/i>\t\t\t\t\t<\/a>\n\t\t\t\t<\/span>\n\t\t\t\t\t<\/div>\n\t\t\t\t\t\t<\/div>\n\t\t\t\t<\/div>\n\t\t\t\t\t<\/div>\n\t\t<\/div>\n\t\t\t\t<div class=\"elementor-column elementor-col-25 elementor-top-column elementor-element elementor-element-9fa4aed\" data-id=\"9fa4aed\" data-element_type=\"column\">\n\t\t\t<div class=\"elementor-widget-wrap elementor-element-populated\">\n\t\t\t\t\t\t<div class=\"elementor-element elementor-element-163da61 elementor-widget elementor-widget-heading\" data-id=\"163da61\" data-element_type=\"widget\" data-widget_type=\"heading.default\">\n\t\t\t\t<div class=\"elementor-widget-container\">\n\t\t\t\t\t<h3 class=\"elementor-heading-title elementor-size-default\">Seiten<\/h3>\t\t\t\t<\/div>\n\t\t\t\t<\/div>\n\t\t\t\t<div class=\"elementor-element elementor-element-5a57a01 elementor-widget elementor-widget-text-editor\" data-id=\"5a57a01\" data-element_type=\"widget\" data-widget_type=\"text-editor.default\">\n\t\t\t\t<div class=\"elementor-widget-container\">\n\t\t\t\t\t\t\t\t\t<p><a href=\"https:\/\/holistay.gr\/de\/\">Startseite<\/a><\/p>\t\t\t\t\t\t\t\t<\/div>\n\t\t\t\t<\/div>\n\t\t\t\t<div class=\"elementor-element elementor-element-b1408d7 elementor-widget elementor-widget-text-editor\" data-id=\"b1408d7\" data-element_type=\"widget\" data-widget_type=\"text-editor.default\">\n\t\t\t\t<div class=\"elementor-widget-container\">\n\t\t\t\t\t\t\t\t\t<p><a href=\"https:\/\/holistay.lodgify.com\/de\/alle-objekte\">Eigenschaften<\/a><\/p>\t\t\t\t\t\t\t\t<\/div>\n\t\t\t\t<\/div>\n\t\t\t\t<div class=\"elementor-element elementor-element-4889fcb elementor-widget elementor-widget-text-editor\" data-id=\"4889fcb\" data-element_type=\"widget\" data-widget_type=\"text-editor.default\">\n\t\t\t\t<div class=\"elementor-widget-container\">\n\t\t\t\t\t\t\t\t\t<p><a href=\"https:\/\/holistay.gr\/de\/blog\/\">Blog<\/a><\/p>\t\t\t\t\t\t\t\t<\/div>\n\t\t\t\t<\/div>\n\t\t\t\t\t<\/div>\n\t\t<\/div>\n\t\t\t\t<div class=\"elementor-column elementor-col-25 elementor-top-column elementor-element elementor-element-414cb85\" data-id=\"414cb85\" data-element_type=\"column\">\n\t\t\t<div class=\"elementor-widget-wrap elementor-element-populated\">\n\t\t\t\t\t\t<div class=\"elementor-element elementor-element-9e7efa1 elementor-widget elementor-widget-heading\" data-id=\"9e7efa1\" data-element_type=\"widget\" data-widget_type=\"heading.default\">\n\t\t\t\t<div class=\"elementor-widget-container\">\n\t\t\t\t\t<h3 class=\"elementor-heading-title elementor-size-default\">Useful<\/h3>\t\t\t\t<\/div>\n\t\t\t\t<\/div>\n\t\t\t\t<div class=\"elementor-element elementor-element-e2c3412 elementor-widget elementor-widget-text-editor\" data-id=\"e2c3412\" data-element_type=\"widget\" data-widget_type=\"text-editor.default\">\n\t\t\t\t<div class=\"elementor-widget-container\">\n\t\t\t\t\t\t\t\t\t<p>Allgemeine Gesch\u00e4ftsbedingungen<\/p>\t\t\t\t\t\t\t\t<\/div>\n\t\t\t\t<\/div>\n\t\t\t\t<div class=\"elementor-element elementor-element-9f9dc7d elementor-widget elementor-widget-text-editor\" data-id=\"9f9dc7d\" data-element_type=\"widget\" data-widget_type=\"text-editor.default\">\n\t\t\t\t<div class=\"elementor-widget-container\">\n\t\t\t\t\t\t\t\t\t<p><a href=\"https:\/\/holistay.gr\/de\/privacy-policy-2\/\">Datenschutzrichtlinie<\/a><\/p>\t\t\t\t\t\t\t\t<\/div>\n\t\t\t\t<\/div>\n\t\t\t\t\t<\/div>\n\t\t<\/div>\n\t\t\t\t<div class=\"elementor-column elementor-col-25 elementor-top-column elementor-element elementor-element-ec92c23\" data-id=\"ec92c23\" data-element_type=\"column\">\n\t\t\t<div class=\"elementor-widget-wrap elementor-element-populated\">\n\t\t\t\t\t\t<div class=\"elementor-element elementor-element-29deb12 elementor-widget elementor-widget-heading\" data-id=\"29deb12\" data-element_type=\"widget\" data-widget_type=\"heading.default\">\n\t\t\t\t<div class=\"elementor-widget-container\">\n\t\t\t\t\t<h3 class=\"elementor-heading-title elementor-size-default\">Kontakt<\/h3>\t\t\t\t<\/div>\n\t\t\t\t<\/div>\n\t\t\t\t<div class=\"elementor-element elementor-element-9af0c97 elementor-widget elementor-widget-text-editor\" data-id=\"9af0c97\" data-element_type=\"widget\" data-widget_type=\"text-editor.default\">\n\t\t\t\t<div class=\"elementor-widget-container\">\n\t\t\t\t\t\t\t\t\t<p><strong>Mobil<\/strong> : (+30) 6971951578<\/p><p><strong>Telephone<\/strong> : (+30) 2831071053<\/p><p><strong>Email<\/strong> : info@holistay.gr<\/p><p><strong>Address<\/strong> : Adelianos Kampos, Rethymno, 74100<\/p>\t\t\t\t\t\t\t\t<\/div>\n\t\t\t\t<\/div>\n\t\t\t\t\t<\/div>\n\t\t<\/div>\n\t\t\t\t\t<\/div>\n\t\t<\/section>\n\t\t\t\t<\/div>","protected":false},"excerpt":{"rendered":"<p>Private chef services at the comfort of your holiday villa in Crete &#8211; Rethymno by Holistay. Explore the cretan cuisine and enjoy traditional cooking classes.<\/p>","protected":false},"author":1,"featured_media":31365,"parent":0,"menu_order":0,"comment_status":"closed","ping_status":"closed","template":"","meta":{"_monsterinsights_skip_tracking":false,"_monsterinsights_sitenote_active":false,"_monsterinsights_sitenote_note":"","_monsterinsights_sitenote_category":0,"_uf_show_specific_survey":0,"_uf_disable_surveys":false,"footnotes":""},"class_list":["post-31271","page","type-page","status-publish","has-post-thumbnail","hentry"],"aioseo_notices":[],"_links":{"self":[{"href":"https:\/\/holistay.gr\/de\/wp-json\/wp\/v2\/pages\/31271","targetHints":{"allow":["GET"]}}],"collection":[{"href":"https:\/\/holistay.gr\/de\/wp-json\/wp\/v2\/pages"}],"about":[{"href":"https:\/\/holistay.gr\/de\/wp-json\/wp\/v2\/types\/page"}],"author":[{"embeddable":true,"href":"https:\/\/holistay.gr\/de\/wp-json\/wp\/v2\/users\/1"}],"replies":[{"embeddable":true,"href":"https:\/\/holistay.gr\/de\/wp-json\/wp\/v2\/comments?post=31271"}],"version-history":[{"count":87,"href":"https:\/\/holistay.gr\/de\/wp-json\/wp\/v2\/pages\/31271\/revisions"}],"predecessor-version":[{"id":35231,"href":"https:\/\/holistay.gr\/de\/wp-json\/wp\/v2\/pages\/31271\/revisions\/35231"}],"wp:featuredmedia":[{"embeddable":true,"href":"https:\/\/holistay.gr\/de\/wp-json\/wp\/v2\/media\/31365"}],"wp:attachment":[{"href":"https:\/\/holistay.gr\/de\/wp-json\/wp\/v2\/media?parent=31271"}],"curies":[{"name":"wp","href":"https:\/\/api.w.org\/{rel}","templated":true}]}}